{"id":376,"date":"2024-04-28T09:53:28","date_gmt":"2024-04-28T09:53:28","guid":{"rendered":"https:\/\/turkozsigorta.com\/wp\/?page_id=376"},"modified":"2024-12-05T17:08:45","modified_gmt":"2024-12-05T17:08:45","slug":"dask-deprem-sigortasi","status":"publish","type":"page","link":"https:\/\/turkozsigorta.com\/?page_id=376","title":{"rendered":"Dask (Deprem) Sigortas\u0131"},"content":{"rendered":"\t\t<div data-elementor-type=\"wp-page\" data-elementor-id=\"376\" class=\"elementor elementor-376\" data-elementor-post-type=\"page\">\n\t\t\t\t<div class=\"elementor-element elementor-element-3804f60 e-flex e-con-boxed e-con e-parent\" data-id=\"3804f60\" data-element_type=\"container\" data-settings=\"{&quot;background_background&quot;:&quot;classic&quot;}\">\n\t\t\t\t\t<div class=\"e-con-inner\">\n\t\t<div class=\"elementor-element elementor-element-9a11af8 e-flex e-con-boxed e-con e-child\" data-id=\"9a11af8\" data-element_type=\"container\">\n\t\t\t\t\t<div class=\"e-con-inner\">\n\t\t\t\t<div class=\"elementor-element elementor-element-b12bf05 elementor-widget__width-inherit elementor-widget elementor-widget-heading\" data-id=\"b12bf05\" data-element_type=\"widget\" data-widget_type=\"heading.default\">\n\t\t\t\t<div class=\"elementor-widget-container\">\n\t\t\t\t\t<h2 class=\"elementor-heading-title elementor-size-default\">Dask (Deprem) Sigortas\u0131<\/h2>\t\t\t\t<\/div>\n\t\t\t\t<\/div>\n\t\t\t\t\t<\/div>\n\t\t\t\t<\/div>\n\t\t\t\t\t<\/div>\n\t\t\t\t<\/div>\n\t\t<div class=\"elementor-element elementor-element-c6ae59e e-flex e-con-boxed e-con e-parent\" data-id=\"c6ae59e\" data-element_type=\"container\">\n\t\t\t\t\t<div class=\"e-con-inner\">\n\t\t<div class=\"elementor-element elementor-element-5043a2e e-con-full e-flex e-con e-child\" data-id=\"5043a2e\" data-element_type=\"container\">\n\t\t\t\t<div class=\"elementor-element elementor-element-e7e8c3f elementor-widget elementor-widget-sidebar\" data-id=\"e7e8c3f\" data-element_type=\"widget\" data-widget_type=\"sidebar.default\">\n\t\t\t\t<div class=\"elementor-widget-container\">\n\t\t\t\t\t<section id=\"block-19\" class=\"widget widget_block widget_text\">\n<p><strong>Hizmetlerimiz<\/strong><br><a href=\"https:\/\/turkozsigorta.com\/?page_id=356\">Trafik Sigortas\u0131<\/a><br><a href=\"https:\/\/turkozsigorta.com\/?page_id=362\">Kasko Sigortas\u0131<\/a><br><a href=\"https:\/\/turkozsigorta.com\/?page_id=370\">Tamamlay\u0131c\u0131 Sa\u011fl\u0131k Sigortas\u0131<\/a><br><a href=\"https:\/\/turkozsigorta.com\/?page_id=376\">Dask (Deprem) Sigortas\u0131<\/a><br><a href=\"https:\/\/turkozsigorta.com\/?page_id=381\">Konut Sigortas\u0131<\/a><br><a href=\"https:\/\/turkozsigorta.com\/?page_id=386\">\u0130\u015fyeri Sigortas\u0131<\/a><br><a href=\"https:\/\/turkozsigorta.com\/?page_id=391\">Ferdi Kaza Sigortas\u0131<\/a><br><a href=\"https:\/\/turkozsigorta.com\/?page_id=396\">Seyahat Sa\u011fl\u0131k Sigortas\u0131<\/a><br><a href=\"https:\/\/turkozsigorta.com\/?page_id=401\">Bireysel Emeklilik<\/a><\/p>\n<\/section>\t\t\t\t<\/div>\n\t\t\t\t<\/div>\n\t\t\t\t<\/div>\n\t\t<div class=\"elementor-element elementor-element-3f156d5 e-con-full e-flex e-con e-child\" data-id=\"3f156d5\" data-element_type=\"container\">\n\t\t\t\t<div class=\"elementor-element elementor-element-136842b elementor-widget elementor-widget-heading\" data-id=\"136842b\" data-element_type=\"widget\" data-widget_type=\"heading.default\">\n\t\t\t\t<div class=\"elementor-widget-container\">\n\t\t\t\t\t<h2 class=\"elementor-heading-title elementor-size-default\">Zorunlu Deprem Sigortas\u0131<\/h2>\t\t\t\t<\/div>\n\t\t\t\t<\/div>\n\t\t\t\t<div class=\"elementor-element elementor-element-1769c5f elementor-widget elementor-widget-text-editor\" data-id=\"1769c5f\" data-element_type=\"widget\" data-widget_type=\"text-editor.default\">\n\t\t\t\t<div class=\"elementor-widget-container\">\n\t\t\t\t\t\t\t\t\t<p>DASK (Do\u011fal Afet Sigortalar\u0131 Kurumu) k\u00e2r amac\u0131 g\u00fctmeyen ve i\u015flerini sigorta tekniklerine uygun olarak ger\u00e7ekle\u015ftirip y\u00f6neten bir kurumdur. Bu kurum 7 ki\u015filik bir heyet taraf\u0131ndan y\u00f6netilir. DASK\u2019 \u0131n denetimi ise Hazine M\u00fcste\u015farl\u0131\u011f\u0131 taraf\u0131ndan yap\u0131l\u0131r.<\/p><p>T\u00fcrk\u00f6z Sigorta olarak DASK poli\u00e7elerinin olu\u015fturulmas\u0131 noktas\u0131nda sizlere; h\u0131zl\u0131, g\u00fcvenli ve hep ileti\u015fimde kalarak yard\u0131mc\u0131 oluyoruz.<\/p>\t\t\t\t\t\t\t\t<\/div>\n\t\t\t\t<\/div>\n\t\t<div class=\"elementor-element elementor-element-83af765 e-flex e-con-boxed e-con e-child\" data-id=\"83af765\" data-element_type=\"container\">\n\t\t\t\t\t<div class=\"e-con-inner\">\n\t\t\t\t<div class=\"elementor-element elementor-element-83ad64a elementor-widget elementor-widget-heading\" data-id=\"83ad64a\" data-element_type=\"widget\" data-widget_type=\"heading.default\">\n\t\t\t\t<div class=\"elementor-widget-container\">\n\t\t\t\t\t<h4 class=\"elementor-heading-title elementor-size-default\">Dask Teklifi i\u00e7in l\u00fctfen formu doldurunuz...<\/h4>\t\t\t\t<\/div>\n\t\t\t\t<\/div>\n\t\t\t\t\t<\/div>\n\t\t\t\t<\/div>\n\t\t\t\t<div class=\"elementor-element elementor-element-66f637b elementor-widget elementor-widget-shortcode\" data-id=\"66f637b\" data-element_type=\"widget\" data-widget_type=\"shortcode.default\">\n\t\t\t\t<div class=\"elementor-widget-container\">\n\t\t\t\t\t\t\t<div class=\"elementor-shortcode\">\n<div class=\"wpcf7 no-js\" id=\"wpcf7-f348-o1\" lang=\"tr-TR\" dir=\"ltr\" data-wpcf7-id=\"348\">\n<div class=\"screen-reader-response\"><p role=\"status\" aria-live=\"polite\" aria-atomic=\"true\"><\/p> <ul><\/ul><\/div>\n<form action=\"\/index.php?rest_route=%2Fwp%2Fv2%2Fpages%2F376#wpcf7-f348-o1\" method=\"post\" class=\"wpcf7-form init\" aria-label=\"\u0130leti\u015fim Formu\" novalidate=\"novalidate\" data-status=\"init\">\n<fieldset class=\"hidden-fields-container\"><input type=\"hidden\" name=\"_wpcf7\" value=\"348\" \/><input type=\"hidden\" name=\"_wpcf7_version\" value=\"6.1.5\" \/><input type=\"hidden\" name=\"_wpcf7_locale\" value=\"tr_TR\" \/><input type=\"hidden\" name=\"_wpcf7_unit_tag\" value=\"wpcf7-f348-o1\" \/><input type=\"hidden\" name=\"_wpcf7_container_post\" value=\"0\" \/><input type=\"hidden\" name=\"_wpcf7_posted_data_hash\" value=\"\" \/><input type=\"hidden\" name=\"_wpcf7_recaptcha_response\" value=\"\" \/>\n<\/fieldset>\n<p><span class=\"wpcf7-form-control-wrap\" data-name=\"your-name\"><input size=\"40\" maxlength=\"400\" class=\"wpcf7-form-control wpcf7-text wpcf7-validates-as-required\" autocomplete=\"name\" aria-required=\"true\" aria-invalid=\"false\" placeholder=\"Ad\u0131n\u0131z Soyad\u0131n\u0131z *\" value=\"\" type=\"text\" name=\"your-name\" \/><\/span>\n<\/p>\n<p><span class=\"wpcf7-form-control-wrap\" data-name=\"tel-808\"><input size=\"40\" maxlength=\"400\" class=\"wpcf7-form-control wpcf7-tel wpcf7-validates-as-required wpcf7-text wpcf7-validates-as-tel\" aria-required=\"true\" aria-invalid=\"false\" placeholder=\"Telefon Numaras\u0131 *\" value=\"\" type=\"tel\" name=\"tel-808\" \/><\/span>\n<\/p>\n<p><span class=\"wpcf7-form-control-wrap\" data-name=\"your-email\"><input size=\"40\" maxlength=\"400\" class=\"wpcf7-form-control wpcf7-email wpcf7-validates-as-required wpcf7-text wpcf7-validates-as-email\" autocomplete=\"email\" aria-required=\"true\" aria-invalid=\"false\" placeholder=\"E-Posta Adresiniz *\" value=\"\" type=\"email\" name=\"your-email\" \/><\/span>\n<\/p>\n<p><span class=\"wpcf7-form-control-wrap\" data-name=\"your-tckimlik\"><input size=\"40\" maxlength=\"400\" class=\"wpcf7-form-control wpcf7-text wpcf7-validates-as-required\" autocomplete=\"name\" aria-required=\"true\" aria-invalid=\"false\" placeholder=\"T.C. Kimlik No *\" value=\"\" type=\"text\" name=\"your-tckimlik\" \/><\/span>\n<\/p>\n<p><span class=\"wpcf7-form-control-wrap\" data-name=\"textarea-355\"><textarea cols=\"40\" rows=\"10\" maxlength=\"2000\" class=\"wpcf7-form-control wpcf7-textarea wpcf7-validates-as-required\" aria-required=\"true\" aria-invalid=\"false\" placeholder=\"Adres\" name=\"textarea-355\"><\/textarea><\/span>\n<\/p>\n<p><span class=\"wpcf7-form-control-wrap\" data-name=\"number-620\"><input class=\"wpcf7-form-control wpcf7-number wpcf7-validates-as-required wpcf7-validates-as-number\" aria-required=\"true\" aria-invalid=\"false\" placeholder=\"Bina Metre Karesi\" value=\"\" type=\"number\" name=\"number-620\" \/><\/span>\n<\/p>\n<p><span class=\"wpcf7-form-control-wrap\" data-name=\"number-621\"><input class=\"wpcf7-form-control wpcf7-number wpcf7-validates-as-required wpcf7-validates-as-number\" aria-required=\"true\" aria-invalid=\"false\" placeholder=\"Bina Ya\u015f\u0131\" value=\"\" type=\"number\" name=\"number-621\" \/><\/span>\n<\/p>\n<p><span class=\"wpcf7-form-control-wrap\" data-name=\"number-622\"><input class=\"wpcf7-form-control wpcf7-number wpcf7-validates-as-required wpcf7-validates-as-number\" aria-required=\"true\" aria-invalid=\"false\" placeholder=\"Bina Kat Say\u0131s\u0131\" value=\"\" type=\"number\" name=\"number-622\" \/><\/span>\n<\/p>\n<p><span class=\"wpcf7-form-control-wrap\" data-name=\"acceptance-107\"><span class=\"wpcf7-form-control wpcf7-acceptance\"><span class=\"wpcf7-list-item\"><label><input type=\"checkbox\" name=\"acceptance-107\" value=\"1\" aria-invalid=\"false\" \/><span class=\"wpcf7-list-item-label\">Bu formu doldururken <a href=\"https:\/\/turkozsigorta.com\/wp\/?page_id=327\" target=\"_blank\" >KVKK<\/a><font color=\"Black\"> okudu\u011fumu ve <\/font><a href=\"https:\/\/turkozsigorta.com\/wp\/?page_id=336\" target=\"_blank\" >\u00c7erez Politikas\u0131<\/a><font color=\"Black\">' n\u0131 kabul etti\u011fimi onayl\u0131yorum.<\/font><\/span><\/label><\/span><\/span><\/span>\n<\/p>\n<p>\n<span class=\"wpcf7-form-control-wrap recaptcha\" data-name=\"recaptcha\"><span data-sitekey=\"6LcMrskpAAAAAEI7qPy5HHnjS2WyzZwFv5ef0feW\" class=\"wpcf7-form-control wpcf7-recaptcha g-recaptcha\"><\/span>\r\n<noscript>\r\n\t<div class=\"grecaptcha-noscript\">\r\n\t\t<iframe src=\"https:\/\/www.google.com\/recaptcha\/api\/fallback?k=6LcMrskpAAAAAEI7qPy5HHnjS2WyzZwFv5ef0feW\" frameborder=\"0\" scrolling=\"no\" width=\"310\" height=\"430\">\r\n\t\t<\/iframe>\r\n\t\t<textarea name=\"g-recaptcha-response\" rows=\"3\" cols=\"40\" placeholder=\"reCaptcha Response Here\">\r\n\t\t<\/textarea>\r\n\t<\/div>\r\n<\/noscript>\r\n<\/span>\n<\/p>\n<p><input class=\"wpcf7-form-control wpcf7-submit has-spinner\" type=\"submit\" value=\"G\u00f6nder\" \/>\n<\/p><div class=\"wpcf7-response-output\" aria-hidden=\"true\"><\/div>\n<\/form>\n<\/div>\n<\/div>\n\t\t\t\t\t\t<\/div>\n\t\t\t\t<\/div>\n\t\t\t\t<\/div>\n\t\t\t\t\t<\/div>\n\t\t\t\t<\/div>\n\t\t<div class=\"elementor-element elementor-element-baea605 e-flex e-con-boxed e-con e-parent\" data-id=\"baea605\" data-element_type=\"container\">\n\t\t\t\t\t<div class=\"e-con-inner\">\n\t\t\t\t\t<\/div>\n\t\t\t\t<\/div>\n\t\t\t\t<\/div>\n\t\t","protected":false},"excerpt":{"rendered":"<p>Dask (Deprem) Sigortas\u0131 Zorunlu Deprem Sigortas\u0131 DASK (Do\u011fal Afet Sigortalar\u0131 Kurumu) k\u00e2r amac\u0131 g\u00fctmeyen ve i\u015flerini sigorta tekniklerine uygun olarak ger\u00e7ekle\u015ftirip y\u00f6neten bir kurumdur. Bu kurum 7 ki\u015filik bir heyet taraf\u0131ndan y\u00f6netilir. DASK\u2019 \u0131n denetimi ise Hazine M\u00fcste\u015farl\u0131\u011f\u0131 taraf\u0131ndan yap\u0131l\u0131r. T\u00fcrk\u00f6z Sigorta olarak DASK poli\u00e7elerinin olu\u015fturulmas\u0131 noktas\u0131nda sizlere; h\u0131zl\u0131, g\u00fcvenli ve hep ileti\u015fimde kalarak yard\u0131mc\u0131&#8230;<\/p>\n","protected":false},"author":1,"featured_media":0,"parent":0,"menu_order":0,"comment_status":"closed","ping_status":"closed","template":"","meta":{"_kad_post_transparent":"","_kad_post_title":"hide","_kad_post_layout":"fullwidth","_kad_post_sidebar_id":"","_kad_post_content_style":"unboxed","_kad_post_vertical_padding":"hide","_kad_post_feature":"hide","_kad_post_feature_position":"","_kad_post_header":false,"_kad_post_footer":false,"_kad_post_classname":"","_joinchat":[],"footnotes":""},"class_list":["post-376","page","type-page","status-publish","hentry"],"_links":{"self":[{"href":"https:\/\/turkozsigorta.com\/index.php?rest_route=\/wp\/v2\/pages\/376","targetHints":{"allow":["GET"]}}],"collection":[{"href":"https:\/\/turkozsigorta.com\/index.php?rest_route=\/wp\/v2\/pages"}],"about":[{"href":"https:\/\/turkozsigorta.com\/index.php?rest_route=\/wp\/v2\/types\/page"}],"author":[{"embeddable":true,"href":"https:\/\/turkozsigorta.com\/index.php?rest_route=\/wp\/v2\/users\/1"}],"replies":[{"embeddable":true,"href":"https:\/\/turkozsigorta.com\/index.php?rest_route=%2Fwp%2Fv2%2Fcomments&post=376"}],"version-history":[{"count":7,"href":"https:\/\/turkozsigorta.com\/index.php?rest_route=\/wp\/v2\/pages\/376\/revisions"}],"predecessor-version":[{"id":524,"href":"https:\/\/turkozsigorta.com\/index.php?rest_route=\/wp\/v2\/pages\/376\/revisions\/524"}],"wp:attachment":[{"href":"https:\/\/turkozsigorta.com\/index.php?rest_route=%2Fwp%2Fv2%2Fmedia&parent=376"}],"curies":[{"name":"wp","href":"https:\/\/api.w.org\/{rel}","templated":true}]}}